{"id":3292,"date":"2023-09-05T09:35:20","date_gmt":"2023-09-05T09:35:20","guid":{"rendered":"https:\/\/melipona.peacefulqode.com\/?page_id=3292"},"modified":"2025-10-23T21:43:05","modified_gmt":"2025-10-23T21:43:05","slug":"contact-us","status":"publish","type":"page","link":"https:\/\/mielriadsalam.com\/fr\/contact-us\/","title":{"rendered":"Nous contacter"},"content":{"rendered":"<div data-elementor-type=\"wp-page\" data-elementor-id=\"3292\" class=\"elementor elementor-3292\" data-elementor-post-type=\"page\">\n\t\t\t\t\t\t<div class=\"elementor-section elementor-top-section elementor-element elementor-element-4879deb elementor-section-full_width elementor-section-stretched elementor-section-height-default elementor-section-height-default\" data-id=\"4879deb\" data-element_type=\"section\" data-settings=\"{&quot;stretch_section&quot;:&quot;section-stretched&quot;}\">\n\t\t\t\t\t\t<div class=\"elementor-container elementor-column-gap-default\">\n\t\t\t\t\t<div class=\"elementor-column elementor-col-100 elementor-top-column elementor-element elementor-element-bc901cc\" data-id=\"bc901cc\" data-element_type=\"column\">\n\t\t\t<div class=\"elementor-widget-wrap elementor-element-populated\">\n\t\t\t\t\t\t<div class=\"elementor-section elementor-inner-section elementor-element elementor-element-e4afe06 elementor-section-boxed elementor-section-height-default elementor-section-height-default\" data-id=\"e4afe06\" data-element_type=\"section\">\n\t\t\t\t\t\t<div class=\"elementor-container elementor-column-gap-default\">\n\t\t\t\t\t<div class=\"elementor-column elementor-col-25 elementor-inner-column elementor-element elementor-element-cd7b5dd\" data-id=\"cd7b5dd\" data-element_type=\"column\" data-settings=\"{&quot;background_background&quot;:&quot;classic&quot;}\">\n\t\t\t<div class=\"elementor-widget-wrap elementor-element-populated\">\n\t\t\t\t\t\t<div class=\"elementor-element elementor-element-1d3dbd6 elementor-mobile-position-left elementor-view-default elementor-position-top elementor-widget elementor-widget-icon-box\" data-id=\"1d3dbd6\" data-element_type=\"widget\" data-widget_type=\"icon-box.default\">\n\t\t\t\t\t\t\t<div class=\"elementor-icon-box-wrapper\">\n\n\t\t\t\t\t\t<div class=\"elementor-icon-box-icon\">\n\t\t\t\t<span  class=\"elementor-icon\">\n\t\t\t\t<i aria-hidden=\"true\" class=\"pt-flaticon-location\"><\/i>\t\t\t\t<\/span>\n\t\t\t<\/div>\n\t\t\t\n\t\t\t\t\t\t<div class=\"elementor-icon-box-content\">\n\n\t\t\t\t\t\t\t\t\t<h5 class=\"elementor-icon-box-title\">\n\t\t\t\t\t\t<span  >\n\t\t\t\t\t\t\tAdresse\t\t\t\t\t\t<\/span>\n\t\t\t\t\t<\/h5>\n\t\t\t\t\n\t\t\t\t\t\t\t\t\t<p class=\"elementor-icon-box-description\">\n\t\t\t\t\t\tAvenue Hassan 2,<br>\nAgadir, Maroc 80000\t\t\t\t\t<\/p>\n\t\t\t\t\n\t\t\t<\/div>\n\t\t\t\n\t\t<\/div>\n\t\t\t\t\t\t<\/div>\n\t\t\t\t\t<\/div>\n\t\t<\/div>\n\t\t\t\t<div class=\"elementor-column elementor-col-25 elementor-inner-column elementor-element elementor-element-523ee94\" data-id=\"523ee94\" data-element_type=\"column\" data-settings=\"{&quot;background_background&quot;:&quot;classic&quot;}\">\n\t\t\t<div class=\"elementor-widget-wrap elementor-element-populated\">\n\t\t\t\t\t\t<div class=\"elementor-element elementor-element-28ab584 elementor-mobile-position-left elementor-view-default elementor-position-top elementor-widget elementor-widget-icon-box\" data-id=\"28ab584\" data-element_type=\"widget\" id=\"RTLPhoneBox\" data-widget_type=\"icon-box.default\">\n\t\t\t\t\t\t\t<div class=\"elementor-icon-box-wrapper\">\n\n\t\t\t\t\t\t<div class=\"elementor-icon-box-icon\">\n\t\t\t\t<span  class=\"elementor-icon\">\n\t\t\t\t<i aria-hidden=\"true\" class=\"pt-flaticon-telephone-1\"><\/i>\t\t\t\t<\/span>\n\t\t\t<\/div>\n\t\t\t\n\t\t\t\t\t\t<div class=\"elementor-icon-box-content\">\n\n\t\t\t\t\t\t\t\t\t<h5 class=\"elementor-icon-box-title\">\n\t\t\t\t\t\t<span  >\n\t\t\t\t\t\t\tT\u00e9l\u00e9phone\t\t\t\t\t\t<\/span>\n\t\t\t\t\t<\/h5>\n\t\t\t\t\n\t\t\t\t\t\t\t\t\t<p class=\"elementor-icon-box-description\">\n\t\t\t\t\t\t+212 7 35425748<br>\n+212 7 35425750\t\t\t\t\t<\/p>\n\t\t\t\t\n\t\t\t<\/div>\n\t\t\t\n\t\t<\/div>\n\t\t\t\t\t\t<\/div>\n\t\t\t\t\t<\/div>\n\t\t<\/div>\n\t\t\t\t<div class=\"elementor-column elementor-col-25 elementor-inner-column elementor-element elementor-element-cbc6e92\" data-id=\"cbc6e92\" data-element_type=\"column\" data-settings=\"{&quot;background_background&quot;:&quot;classic&quot;}\">\n\t\t\t<div class=\"elementor-widget-wrap elementor-element-populated\">\n\t\t\t\t\t\t<div class=\"elementor-element elementor-element-82f244b elementor-mobile-position-left elementor-view-default elementor-position-top elementor-widget elementor-widget-icon-box\" data-id=\"82f244b\" data-element_type=\"widget\" data-widget_type=\"icon-box.default\">\n\t\t\t\t\t\t\t<div class=\"elementor-icon-box-wrapper\">\n\n\t\t\t\t\t\t<div class=\"elementor-icon-box-icon\">\n\t\t\t\t<span  class=\"elementor-icon\">\n\t\t\t\t<i aria-hidden=\"true\" class=\"pt-flaticon-envelope\"><\/i>\t\t\t\t<\/span>\n\t\t\t<\/div>\n\t\t\t\n\t\t\t\t\t\t<div class=\"elementor-icon-box-content\">\n\n\t\t\t\t\t\t\t\t\t<h5 class=\"elementor-icon-box-title\">\n\t\t\t\t\t\t<span  >\n\t\t\t\t\t\t\tCourriel\t\t\t\t\t\t<\/span>\n\t\t\t\t\t<\/h5>\n\t\t\t\t\n\t\t\t\t\t\t\t\t\t<p class=\"elementor-icon-box-description\">\n\t\t\t\t\t\tcontact@mielriadsalam.com\t\t\t\t\t<\/p>\n\t\t\t\t\n\t\t\t<\/div>\n\t\t\t\n\t\t<\/div>\n\t\t\t\t\t\t<\/div>\n\t\t\t\t\t<\/div>\n\t\t<\/div>\n\t\t\t\t<div class=\"elementor-column elementor-col-25 elementor-inner-column elementor-element elementor-element-9f3422c\" data-id=\"9f3422c\" data-element_type=\"column\" data-settings=\"{&quot;background_background&quot;:&quot;classic&quot;}\">\n\t\t\t<div class=\"elementor-widget-wrap elementor-element-populated\">\n\t\t\t\t\t\t<div class=\"elementor-element elementor-element-55c9bab elementor-mobile-position-left elementor-view-default elementor-position-top elementor-widget elementor-widget-icon-box\" data-id=\"55c9bab\" data-element_type=\"widget\" data-widget_type=\"icon-box.default\">\n\t\t\t\t\t\t\t<div class=\"elementor-icon-box-wrapper\">\n\n\t\t\t\t\t\t<div class=\"elementor-icon-box-icon\">\n\t\t\t\t<span  class=\"elementor-icon\">\n\t\t\t\t<i aria-hidden=\"true\" class=\"ion ion-clock\"><\/i>\t\t\t\t<\/span>\n\t\t\t<\/div>\n\t\t\t\n\t\t\t\t\t\t<div class=\"elementor-icon-box-content\">\n\n\t\t\t\t\t\t\t\t\t<h5 class=\"elementor-icon-box-title\">\n\t\t\t\t\t\t<span  >\n\t\t\t\t\t\t\tHeures\t\t\t\t\t\t<\/span>\n\t\t\t\t\t<\/h5>\n\t\t\t\t\n\t\t\t\t\t\t\t\t\t<p class=\"elementor-icon-box-description\">\n\t\t\t\t\t\tLundi - Dimanche<br \/>\nOuvert\t\t\t\t\t<\/p>\n\t\t\t\t\n\t\t\t<\/div>\n\t\t\t\n\t\t<\/div>\n\t\t\t\t\t\t<\/div>\n\t\t\t\t\t<\/div>\n\t\t<\/div>\n\t\t\t\t\t<\/div>\n\t\t<\/div>\n\t\t\t\t\t<\/div>\n\t\t<\/div>\n\t\t\t\t\t<\/div>\n\t\t<\/div>\n\t\t\t\t<div class=\"elementor-section elementor-top-section elementor-element elementor-element-260932b elementor-section-full_width elementor-section-stretched elementor-section-height-default elementor-section-height-default\" data-id=\"260932b\" data-element_type=\"section\" data-settings=\"{&quot;stretch_section&quot;:&quot;section-stretched&quot;}\">\n\t\t\t\t\t\t<div class=\"elementor-container elementor-column-gap-default\">\n\t\t\t\t\t<div class=\"elementor-column elementor-col-100 elementor-top-column elementor-element elementor-element-688c894\" data-id=\"688c894\" data-element_type=\"column\">\n\t\t\t<div class=\"elementor-widget-wrap elementor-element-populated\">\n\t\t\t\t\t\t<div class=\"elementor-section elementor-inner-section elementor-element elementor-element-0e2dee8 elementor-section-boxed elementor-section-height-default elementor-section-height-default\" data-id=\"0e2dee8\" data-element_type=\"section\">\n\t\t\t\t\t\t<div class=\"elementor-container elementor-column-gap-default\">\n\t\t\t\t\t<div class=\"elementor-column elementor-col-50 elementor-inner-column elementor-element elementor-element-4bd1f05\" data-id=\"4bd1f05\" data-element_type=\"column\">\n\t\t\t<div class=\"elementor-widget-wrap elementor-element-populated\">\n\t\t\t\t\t\t<div class=\"elementor-element elementor-element-c74ed90 elementor-widget elementor-widget-section-title\" data-id=\"c74ed90\" data-element_type=\"widget\" data-widget_type=\"section-title.default\">\n\t\t\t\t<div class=\"elementor-widget-container\">\n\t\t\t\t\t<div class=\"pt-section-title  pt-style-1 text-left\">\r\n\t\t\t<div class=\"pt-section-sub-title\">\r\n\t\t\t<span class=\"pt-left\"><\/span>Nous contacter<span class=\"pt-right\"><\/span>\t\t<\/div>\r\n\t\t\t\t<h5 class=\"pt-section-main-title\" >Envoyez Nous un Message<\/h5>\r\n\t\t<p class=\"pt-section-description\">Nous sommes l\u00e0 pour vous aider et vous accompagner dans votre commande. N\u2019h\u00e9sitez pas \u00e0 nous contacter pour toute question ou demande !<\/p>\r\n\t<\/div>\r\n\t\t\t\t<\/div>\n\t\t\t\t<\/div>\n\t\t\t\t<div class=\"elementor-element elementor-element-36d90fc elementor-widget elementor-widget-wpforms\" data-id=\"36d90fc\" data-element_type=\"widget\" id=\"ContactFormBox\" data-widget_type=\"wpforms.default\">\n\t\t\t\t<div class=\"elementor-widget-container\">\n\t\t\t\t\t<style id=\"wpforms-css-vars-elementor-widget-36d90fc\">\n\t\t\t\t.elementor-widget-wpforms.elementor-element-36d90fc {\n\t\t\t\t--wpforms-button-background-color: #EABD50;\n--wpforms-button-size-font-size: 20px;\n--wpforms-button-size-height: 48px;\n--wpforms-button-size-padding-h: 20px;\n--wpforms-button-size-margin-top: 15px;\n\t\t\t}\n\t\t\t<\/style><div class=\"wpforms-container wpforms-container-full wpforms-render-modern\" id=\"wpforms-5975\"><form id=\"wpforms-form-5975\" class=\"wpforms-validate wpforms-form wpforms-ajax-form\" data-formid=\"5975\" method=\"post\" enctype=\"multipart\/form-data\" action=\"\/fr\/wp-json\/wp\/v2\/pages\/3292\" data-token=\"dc17a0be4963c540043dabd8991a58ab\" data-token-time=\"1776461183\" data-trp-original-action=\"\/fr\/wp-json\/wp\/v2\/pages\/3292\"><noscript class=\"wpforms-error-noscript\">Veuillez activer JavaScript dans votre navigateur pour remplir ce formulaire.<\/noscript><div id=\"wpforms-error-noscript\" style=\"display: none;\">Veuillez activer JavaScript dans votre navigateur pour remplir ce formulaire.<\/div><div class=\"wpforms-field-container\"><div id=\"wpforms-5975-field_1-container\" class=\"wpforms-field wpforms-field-name\" data-field-id=\"1\"><fieldset><legend class=\"wpforms-field-label\">Nom <span class=\"wpforms-required-label\" aria-hidden=\"true\">*<\/span><\/legend><div class=\"wpforms-field-row wpforms-field-large\"><div class=\"wpforms-field-row-block wpforms-first wpforms-one-half\"><input type=\"text\" id=\"wpforms-5975-field_1\" class=\"wpforms-field-name-first wpforms-field-required\" name=\"wpforms[fields][1][first]\" placeholder=\"Pr\u00e9nom\" aria-errormessage=\"wpforms-5975-field_1-error\" required><label for=\"wpforms-5975-field_1\" class=\"wpforms-field-sublabel after wpforms-sublabel-hide\">Pr\u00e9nom<\/label><\/div><div class=\"wpforms-field-row-block wpforms-one-half\"><input type=\"text\" id=\"wpforms-5975-field_1-last\" class=\"wpforms-field-name-last wpforms-field-required\" name=\"wpforms[fields][1][last]\" placeholder=\"Nom\" aria-errormessage=\"wpforms-5975-field_1-last-error\" required><label for=\"wpforms-5975-field_1-last\" class=\"wpforms-field-sublabel after wpforms-sublabel-hide\">Nom<\/label><\/div><\/div><\/fieldset><\/div><div id=\"wpforms-5975-field_2-container\" class=\"wpforms-field wpforms-field-email\" data-field-id=\"2\"><label class=\"wpforms-field-label\" for=\"wpforms-5975-field_2\">Courriel <span class=\"wpforms-required-label\" aria-hidden=\"true\">*<\/span><\/label><input type=\"email\" id=\"wpforms-5975-field_2\" class=\"wpforms-field-large wpforms-field-required\" name=\"wpforms[fields][2]\" placeholder=\"Entrez votre e-mail\" spellcheck=\"false\" aria-errormessage=\"wpforms-5975-field_2-error\" required><\/div>\t\t<div id=\"wpforms-5975-field_4-container\"\n\t\t\tclass=\"wpforms-field wpforms-field-text\"\n\t\t\tdata-field-type=\"text\"\n\t\t\tdata-field-id=\"4\"\n\t\t\t>\n\t\t\t<label class=\"wpforms-field-label\" for=\"wpforms-5975-field_4\" >Email Your Name<\/label>\n\t\t\t<input type=\"text\" id=\"wpforms-5975-field_4\" class=\"wpforms-field-medium\" name=\"wpforms[fields][4]\" >\n\t\t<\/div>\n\t\t<div id=\"wpforms-5975-field_3-container\" class=\"wpforms-field wpforms-field-textarea\" data-field-id=\"3\"><label class=\"wpforms-field-label\" for=\"wpforms-5975-field_3\">Votre message <span class=\"wpforms-required-label\" aria-hidden=\"true\">*<\/span><\/label><textarea id=\"wpforms-5975-field_3\" class=\"wpforms-field-medium wpforms-field-required\" name=\"wpforms[fields][3]\" aria-errormessage=\"wpforms-5975-field_3-error\" required><\/textarea><\/div><script>\n\t\t\t\t( function() {\n\t\t\t\t\tconst style = document.createElement( 'style' );\n\t\t\t\t\tstyle.appendChild( document.createTextNode( '#wpforms-5975-field_4-container { position: absolute !important; overflow: hidden !important; display: inline !important; height: 1px !important; width: 1px !important; z-index: -1000 !important; padding: 0 !important; } #wpforms-5975-field_4-container input { visibility: hidden; } #wpforms-conversational-form-page #wpforms-5975-field_4-container label { counter-increment: none; }' ) );\n\t\t\t\t\tdocument.head.appendChild( style );\n\t\t\t\t\tdocument.currentScript?.remove();\n\t\t\t\t} )();\n\t\t\t<\/script><\/div><!-- .wpforms-field-container --><div class=\"wpforms-recaptcha-container wpforms-is-recaptcha wpforms-is-recaptcha-type-v3\" ><input type=\"hidden\" name=\"wpforms[recaptcha]\" value=\"\"><\/div><div class=\"wpforms-submit-container\" ><input type=\"hidden\" name=\"wpforms[id]\" value=\"5975\"><input type=\"hidden\" name=\"page_title\" value=\"\"><input type=\"hidden\" name=\"page_url\" value=\"https:\/\/mielriadsalam.com\/fr\/wp-json\/wp\/v2\/pages\/3292\"><input type=\"hidden\" name=\"url_referer\" value=\"\"><button type=\"submit\" name=\"wpforms[submit]\" id=\"wpforms-submit-5975\" class=\"wpforms-submit\" data-alt-text=\"Sending...\" data-submit-text=\"Send your Message\" aria-live=\"assertive\" value=\"wpforms-submit\">Envoyez votre message<\/button><img decoding=\"async\" src=\"https:\/\/mielriadsalam.com\/wp-content\/plugins\/wpforms-lite\/assets\/images\/submit-spin.svg\" class=\"wpforms-submit-spinner\" style=\"display: none;\" width=\"26\" height=\"26\" alt=\"Chargement en cours\"><\/div><input type=\"hidden\" name=\"trp-form-language\" value=\"fr\"\/><\/form><\/div>  <!-- .wpforms-container -->\t\t\t\t<\/div>\n\t\t\t\t<\/div>\n\t\t\t\t\t<\/div>\n\t\t<\/div>\n\t\t\t\t<div class=\"elementor-column elementor-col-50 elementor-inner-column elementor-element elementor-element-e5df8cd\" data-id=\"e5df8cd\" data-element_type=\"column\" data-settings=\"{&quot;background_background&quot;:&quot;classic&quot;}\">\n\t\t\t<div class=\"elementor-widget-wrap elementor-element-populated\">\n\t\t\t\t\t\t<div class=\"elementor-section elementor-inner-section elementor-element elementor-element-f769166 elementor-section-full_width elementor-section-height-default elementor-section-height-default\" data-id=\"f769166\" data-element_type=\"section\">\n\t\t\t\t\t\t<div class=\"elementor-container elementor-column-gap-default\">\n\t\t\t\t\t<div class=\"elementor-column elementor-col-100 elementor-inner-column elementor-element elementor-element-1a89689\" data-id=\"1a89689\" data-element_type=\"column\">\n\t\t\t<div class=\"elementor-widget-wrap elementor-element-populated\">\n\t\t\t\t\t\t<div class=\"elementor-element elementor-element-7e097da elementor-widget elementor-widget-section-title\" data-id=\"7e097da\" data-element_type=\"widget\" data-widget_type=\"section-title.default\">\n\t\t\t\t<div class=\"elementor-widget-container\">\n\t\t\t\t\t<div class=\"pt-section-title  pt-style-1 text-left\">\r\n\t\t\t<div class=\"pt-section-sub-title\">\r\n\t\t\t<span class=\"pt-left\"><\/span>Questions Fr\u00e9quemment Pos\u00e9es<span class=\"pt-right\"><\/span>\t\t<\/div>\r\n\t\t\t\t<h5 class=\"pt-section-main-title\" >Une Question ?<\/h5>\r\n\t\t<p class=\"pt-section-description\"><\/p>\r\n\t<\/div>\r\n\t\t\t\t<\/div>\n\t\t\t\t<\/div>\n\t\t\t\t<div class=\"elementor-element elementor-element-551944a pt-grey-bg pt-style-2 elementor-widget elementor-widget-accordion\" data-id=\"551944a\" data-element_type=\"widget\" data-widget_type=\"accordion.default\">\n\t\t\t\t<div class=\"elementor-widget-container\">\n\t\t\t\t\t    \r\n<div class=\"pt-accordion-block\" >\r\n      <div class=\"pt-accordion-box pt-active  1\">\r\n      <div class=\"pt-ad-title\">\r\n        <h4 class=\"ad-title-text\">         \r\n          Votre miel est-il 100% naturel ?  \r\n        <span class=\"pt-icon-right\">\r\n        <i aria-hidden=\"true\" class=\"ion ion-plus-round active\"><\/i><i aria-hidden=\"true\" class=\"ion ion-minus-round inactive\"><\/i>   \r\n        <\/span>\r\n       <\/h4>\r\n      <\/div>\r\n      <div class=\"pt-accordion-details\">\r\n         <p class=\"pt-detail-text\"> Oui ! Notre miel est 100% pur, cru et sans aucun additif ni conservateur. <\/p>\r\n      <\/div>\r\n    <\/div>\r\n       <div class=\"pt-accordion-box   2\">\r\n      <div class=\"pt-ad-title\">\r\n        <h4 class=\"ad-title-text\">         \r\n          Combien de temps prend la livraison ?  \r\n        <span class=\"pt-icon-right\">\r\n        <i aria-hidden=\"true\" class=\"ion ion-plus-round active\"><\/i><i aria-hidden=\"true\" class=\"ion ion-minus-round inactive\"><\/i>   \r\n        <\/span>\r\n       <\/h4>\r\n      <\/div>\r\n      <div class=\"pt-accordion-details\">\r\n         <p class=\"pt-detail-text\"> Nous exp\u00e9dions g\u00e9n\u00e9ralement les commandes sous 1 \u00e0 2 jours, et la livraison prend 2 \u00e0 3 jours ouvrables selon votre localisation. <\/p>\r\n      <\/div>\r\n    <\/div>\r\n       <div class=\"pt-accordion-box   3\">\r\n      <div class=\"pt-ad-title\">\r\n        <h4 class=\"ad-title-text\">         \r\n          Quel est le co\u00fbt de l'exp\u00e9dition ?  \r\n        <span class=\"pt-icon-right\">\r\n        <i aria-hidden=\"true\" class=\"ion ion-plus-round active\"><\/i><i aria-hidden=\"true\" class=\"ion ion-minus-round inactive\"><\/i>   \r\n        <\/span>\r\n       <\/h4>\r\n      <\/div>\r\n      <div class=\"pt-accordion-details\">\r\n         <p class=\"pt-detail-text\"> Les frais de livraison d\u00e9pendent de votre emplacement et du poids de la commande. Ils sont calcul\u00e9s lors du passage \u00e0 la caisse. <\/p>\r\n      <\/div>\r\n    <\/div>\r\n       <div class=\"pt-accordion-box   4\">\r\n      <div class=\"pt-ad-title\">\r\n        <h4 class=\"ad-title-text\">         \r\n          Livrez-vous en dehors du Maroc ?  \r\n        <span class=\"pt-icon-right\">\r\n        <i aria-hidden=\"true\" class=\"ion ion-plus-round active\"><\/i><i aria-hidden=\"true\" class=\"ion ion-minus-round inactive\"><\/i>   \r\n        <\/span>\r\n       <\/h4>\r\n      <\/div>\r\n      <div class=\"pt-accordion-details\">\r\n         <p class=\"pt-detail-text\"> Oui, nous livrons dans plusieurs pays, y compris la France et l\u2019Europe. Les frais de livraison sont indiqu\u00e9s lors du passage \u00e0 la caisse. <\/p>\r\n      <\/div>\r\n    <\/div>\r\n       <div class=\"pt-accordion-box   5\">\r\n      <div class=\"pt-ad-title\">\r\n        <h4 class=\"ad-title-text\">         \r\n          Ma commande n'est pas arriv\u00e9e  \r\n        <span class=\"pt-icon-right\">\r\n        <i aria-hidden=\"true\" class=\"ion ion-plus-round active\"><\/i><i aria-hidden=\"true\" class=\"ion ion-minus-round inactive\"><\/i>   \r\n        <\/span>\r\n       <\/h4>\r\n      <\/div>\r\n      <div class=\"pt-accordion-details\">\r\n         <p class=\"pt-detail-text\"> Vous pouvez nous contacter \u00e0 tout moment \u00e0 contact@assalriadsalam.com\n ou via le formulaire de contact sur notre site. Nous vous aiderons d\u00e8s que possible ! <\/p>\r\n      <\/div>\r\n    <\/div>\r\n     <\/div>\r\n  \t\t<script type=\"text\/javascript\">\r\n        \t\t \/*------------------------\r\n                Accordion\r\n                --------------------------*\/\r\n\t\t\tjQuery('.pt-accordion-block .pt-accordion-box .pt-accordion-details').hide();\r\n\t\t\tjQuery('.pt-accordion-block .pt-accordion-box:first').addClass('pt-active').children().slideDown('slow');\r\n\t\t\tjQuery('.pt-accordion-block .pt-accordion-box').on(\"click\", function() {\r\n\t\t\t\tif (jQuery(this).children('div.pt-accordion-details').is(':hidden')) {\r\n\t\t\t\t\tjQuery('.pt-accordion-block .pt-accordion-box').removeClass('pt-active').children('div.pt-accordion-details').slideUp('slow');\r\n\t\t\t\t\tjQuery(this).toggleClass('pt-active').children('div.pt-accordion-details').slideDown('slow');\r\n\t\t\t\t}\r\n\t\t\t});\r\n\t\t<\/script>\r\n\t\t\t\t\t\t<\/div>\n\t\t\t\t<\/div>\n\t\t\t\t\t<\/div>\n\t\t<\/div>\n\t\t\t\t\t<\/div>\n\t\t<\/div>\n\t\t\t\t\t<\/div>\n\t\t<\/div>\n\t\t\t\t\t<\/div>\n\t\t<\/div>\n\t\t\t\t\t<\/div>\n\t\t<\/div>\n\t\t\t\t\t<\/div>\n\t\t<\/div>\n\t\t\t\t<div class=\"elementor-section elementor-top-section elementor-element elementor-element-30343ea elementor-section-full_width elementor-section-stretched elementor-section-height-default elementor-section-height-default\" data-id=\"30343ea\" data-element_type=\"section\" data-settings=\"{&quot;stretch_section&quot;:&quot;section-stretched&quot;}\">\n\t\t\t\t\t\t<div class=\"elementor-container elementor-column-gap-default\">\n\t\t\t\t\t<div class=\"elementor-column elementor-col-100 elementor-top-column elementor-element elementor-element-bd21483\" data-id=\"bd21483\" data-element_type=\"column\">\n\t\t\t<div class=\"elementor-widget-wrap elementor-element-populated\">\n\t\t\t\t\t\t<div class=\"elementor-section elementor-inner-section elementor-element elementor-element-2c19897 elementor-section-full_width elementor-section-height-default elementor-section-height-default\" data-id=\"2c19897\" data-element_type=\"section\">\n\t\t\t\t\t\t<div class=\"elementor-container elementor-column-gap-default\">\n\t\t\t\t\t<div class=\"elementor-column elementor-col-100 elementor-inner-column elementor-element elementor-element-ac14a55\" data-id=\"ac14a55\" data-element_type=\"column\">\n\t\t\t<div class=\"elementor-widget-wrap elementor-element-populated\">\n\t\t\t\t\t\t<div class=\"elementor-element elementor-element-111c218 elementor-widget elementor-widget-google_maps\" data-id=\"111c218\" data-element_type=\"widget\" data-widget_type=\"google_maps.default\">\n\t\t\t\t\t\t\t<div class=\"elementor-custom-embed\">\n\t\t\t<iframe loading=\"lazy\"\n\t\t\t\t\tsrc=\"https:\/\/maps.google.com\/maps?q=souk%20lhad&#038;t=m&#038;z=10&#038;output=embed&#038;iwloc=near\"\n\t\t\t\t\ttitle=\"souk lhad\"\n\t\t\t\t\taria-label=\"souk lhad\"\n\t\t\t><\/iframe>\n\t\t<\/div>\n\t\t\t\t\t\t<\/div>\n\t\t\t\t\t<\/div>\n\t\t<\/div>\n\t\t\t\t\t<\/div>\n\t\t<\/div>\n\t\t\t\t\t<\/div>\n\t\t<\/div>\n\t\t\t\t\t<\/div>\n\t\t<\/div>\n\t\t\t\t<\/div>","protected":false},"excerpt":{"rendered":"<p>Adresse Avenue Hassan 2, Agadir, Maroc 80000 T\u00e9l\u00e9phone +212 7 35425748 +212 7 35425750 Courriel contact@mielriadsalam.com Heures d'ouverture du lundi au dimanche Nous contacter Envoyer un message Nous sommes l\u00e0 pour t'aider et t'assister dans ta commande. N'h\u00e9site pas \u00e0 nous contacter si tu as des questions ou des pr\u00e9occupations ! Merci d'activer JavaScript dans ton navigateur pour [...]<\/p>","protected":false},"author":2,"featured_media":0,"parent":0,"menu_order":0,"comment_status":"closed","ping_status":"closed","template":"","meta":{"_acf_changed":false,"footnotes":""},"class_list":["post-3292","page","type-page","status-publish","hentry"],"acf":[],"_links":{"self":[{"href":"https:\/\/mielriadsalam.com\/fr\/wp-json\/wp\/v2\/pages\/3292","targetHints":{"allow":["GET"]}}],"collection":[{"href":"https:\/\/mielriadsalam.com\/fr\/wp-json\/wp\/v2\/pages"}],"about":[{"href":"https:\/\/mielriadsalam.com\/fr\/wp-json\/wp\/v2\/types\/page"}],"author":[{"embeddable":true,"href":"https:\/\/mielriadsalam.com\/fr\/wp-json\/wp\/v2\/users\/2"}],"replies":[{"embeddable":true,"href":"https:\/\/mielriadsalam.com\/fr\/wp-json\/wp\/v2\/comments?post=3292"}],"version-history":[{"count":48,"href":"https:\/\/mielriadsalam.com\/fr\/wp-json\/wp\/v2\/pages\/3292\/revisions"}],"predecessor-version":[{"id":5997,"href":"https:\/\/mielriadsalam.com\/fr\/wp-json\/wp\/v2\/pages\/3292\/revisions\/5997"}],"wp:attachment":[{"href":"https:\/\/mielriadsalam.com\/fr\/wp-json\/wp\/v2\/media?parent=3292"}],"curies":[{"name":"wp","href":"https:\/\/api.w.org\/{rel}","templated":true}]}}