{"id":5177,"date":"2025-10-16T11:46:51","date_gmt":"2025-10-16T11:46:51","guid":{"rendered":"https:\/\/assalriadsalam.craftly.digital\/?post_type=product&#038;p=5177"},"modified":"2025-10-23T10:57:01","modified_gmt":"2025-10-23T10:57:01","slug":"ginger-honey","status":"publish","type":"product","link":"https:\/\/mielriadsalam.com\/fr\/shop\/ginger-honey\/","title":{"rendered":"Miel de gingembre"},"content":{"rendered":"<p>Le miel royal au gingembre est doux et pur et constitue le choix id\u00e9al pour sucrer toutes les boissons sans en modifier le go\u00fbt ou la saveur.<\/p>\n<p>Le miel d'acacia d'Al Shifa est fabriqu\u00e9 \u00e0 partir du nectar de fleurs d'acacia rares cultiv\u00e9es dans des prairies naturelles de haute qualit\u00e9. Ce miel est connu pour sa couleur dor\u00e9e claire et son go\u00fbt l\u00e9ger et agr\u00e9able qui est parfait pour toute la famille - \u00e0 tout moment.<\/p>\n<h2>Pourquoi choisir le miel de for\u00eat noire d'Al Shifa Honey ?<\/h2>\n<ul>\n<li>Le nectar de fleurs saisonni\u00e8res s\u00e9lectionn\u00e9es est cultiv\u00e9 dans des environnements propres et naturels.<\/li>\n<li>AlShifa Honey est la premi\u00e8re marque de miel saoudienne \u00e0 recevoir la marque de qualit\u00e9 SASO dans l'industrie du miel.<\/li>\n<li>Plus de quatre d\u00e9cennies d'exp\u00e9rience ont plac\u00e9 Al Shifa Honey parmi les pionniers de la production et du conditionnement de miel naturel dans le Royaume et au-del\u00e0.<\/li>\n<li>Reconnue comme l'une des 10 premi\u00e8res marques de miel au monde.<\/li>\n<li>Nos produits sont disponibles dans plus de 40 pays du monde arabe et dans le monde entier.<br \/>\nNous utilisons les derni\u00e8res technologies d'emballage et d'embouteillage.<\/li>\n<li>Nous nous engageons \u00e0 offrir les meilleurs prix afin que chaque m\u00e9nage puisse profiter d'un miel naturel de confiance.<\/li>\n<\/ul>","protected":false},"excerpt":{"rendered":"<p>Notre miel de gingembre, Nous sommes fiers d'offrir ce merveilleux m\u00e9lange de miel naturel au go\u00fbt d\u00e9licieux qui d\u00e9passe les attentes des amateurs de miel.<\/p>","protected":false},"featured_media":5162,"comment_status":"open","ping_status":"closed","template":"","meta":{"_acf_changed":false},"product_brand":[],"product_cat":[51],"product_tag":[],"class_list":{"0":"post-5177","1":"product","2":"type-product","3":"status-publish","4":"has-post-thumbnail","6":"product_cat-all-types-of-honey","8":"first","9":"instock","10":"shipping-taxable","11":"purchasable","12":"product-type-simple"},"acf":[],"_links":{"self":[{"href":"https:\/\/mielriadsalam.com\/fr\/wp-json\/wp\/v2\/product\/5177","targetHints":{"allow":["GET"]}}],"collection":[{"href":"https:\/\/mielriadsalam.com\/fr\/wp-json\/wp\/v2\/product"}],"about":[{"href":"https:\/\/mielriadsalam.com\/fr\/wp-json\/wp\/v2\/types\/product"}],"replies":[{"embeddable":true,"href":"https:\/\/mielriadsalam.com\/fr\/wp-json\/wp\/v2\/comments?post=5177"}],"version-history":[{"count":1,"href":"https:\/\/mielriadsalam.com\/fr\/wp-json\/wp\/v2\/product\/5177\/revisions"}],"predecessor-version":[{"id":5918,"href":"https:\/\/mielriadsalam.com\/fr\/wp-json\/wp\/v2\/product\/5177\/revisions\/5918"}],"wp:featuredmedia":[{"embeddable":true,"href":"https:\/\/mielriadsalam.com\/fr\/wp-json\/wp\/v2\/media\/5162"}],"wp:attachment":[{"href":"https:\/\/mielriadsalam.com\/fr\/wp-json\/wp\/v2\/media?parent=5177"}],"wp:term":[{"taxonomy":"product_brand","embeddable":true,"href":"https:\/\/mielriadsalam.com\/fr\/wp-json\/wp\/v2\/product_brand?post=5177"},{"taxonomy":"product_cat","embeddable":true,"href":"https:\/\/mielriadsalam.com\/fr\/wp-json\/wp\/v2\/product_cat?post=5177"},{"taxonomy":"product_tag","embeddable":true,"href":"https:\/\/mielriadsalam.com\/fr\/wp-json\/wp\/v2\/product_tag?post=5177"}],"curies":[{"name":"wp","href":"https:\/\/api.w.org\/{rel}","templated":true}]}}