{"id":5928,"date":"2025-10-23T11:06:00","date_gmt":"2025-10-23T11:06:00","guid":{"rendered":"https:\/\/mielriadsalam.com\/?post_type=product&#038;p=5928"},"modified":"2025-10-23T11:07:43","modified_gmt":"2025-10-23T11:07:43","slug":"amlou-with-almonds-800g","status":"publish","type":"product","link":"https:\/\/mielriadsalam.com\/fr\/shop\/amlou-with-almonds-800g\/","title":{"rendered":"Amlou aux amandes 800g"},"content":{"rendered":"<p>L'amlou est une p\u00e2te \u00e0 tartiner marocaine traditionnelle qui se compose de trois ingr\u00e9dients principaux : l'huile d'argan, les amandes et le miel. C'est un condiment populaire qui est g\u00e9n\u00e9ralement servi avec du pain ou utilis\u00e9 comme trempette pour les fruits et l\u00e9gumes frais.<\/p>\n<p>L'huile d'argan est un ingr\u00e9dient cl\u00e9 d'Amlou et est d\u00e9riv\u00e9e des amandes de l'arganier, qui est originaire du Maroc. Elle est riche en antioxydants et a une saveur de noix, l\u00e9g\u00e8rement sucr\u00e9e. Les amandes sont \u00e9galement un composant majeur d'Amlou et apportent une texture noisette et cr\u00e9meuse \u00e0 la p\u00e2te \u00e0 tartiner. Le miel est ajout\u00e9 pour adoucir la p\u00e2te \u00e0 tartiner et lui donner une consistance riche et onctueuse.<\/p>\n<p>Pour fabriquer l'Amlou, les amandes sont grill\u00e9es jusqu'\u00e0 ce qu'elles soient dor\u00e9es, puis broy\u00e9es en une fine p\u00e2te. L'huile d'argan est ensuite lentement ajout\u00e9e \u00e0 la p\u00e2te, ainsi que le miel, jusqu'\u00e0 ce que le m\u00e9lange soit lisse et cr\u00e9meux. La p\u00e2te \u00e0 tartiner qui en r\u00e9sulte a une riche saveur de noix avec un soup\u00e7on de douceur d\u00fb au miel.<\/p>","protected":false},"excerpt":{"rendered":"<p>L'amlou est une p\u00e2te \u00e0 tartiner marocaine traditionnelle qui se compose de trois ingr\u00e9dients principaux : l'huile d'argan, les amandes et le miel. C'est un condiment populaire qui est g\u00e9n\u00e9ralement servi avec du pain ou utilis\u00e9 comme trempette pour les fruits et l\u00e9gumes frais.<\/p>","protected":false},"featured_media":5929,"comment_status":"open","ping_status":"closed","template":"","meta":{"_acf_changed":false},"product_brand":[],"product_cat":[55],"product_tag":[],"class_list":{"0":"post-5928","1":"product","2":"type-product","3":"status-publish","4":"has-post-thumbnail","6":"product_cat-amlou-with-almonds","8":"first","9":"instock","10":"shipping-taxable","11":"purchasable","12":"product-type-simple"},"acf":[],"_links":{"self":[{"href":"https:\/\/mielriadsalam.com\/fr\/wp-json\/wp\/v2\/product\/5928","targetHints":{"allow":["GET"]}}],"collection":[{"href":"https:\/\/mielriadsalam.com\/fr\/wp-json\/wp\/v2\/product"}],"about":[{"href":"https:\/\/mielriadsalam.com\/fr\/wp-json\/wp\/v2\/types\/product"}],"replies":[{"embeddable":true,"href":"https:\/\/mielriadsalam.com\/fr\/wp-json\/wp\/v2\/comments?post=5928"}],"version-history":[{"count":1,"href":"https:\/\/mielriadsalam.com\/fr\/wp-json\/wp\/v2\/product\/5928\/revisions"}],"predecessor-version":[{"id":5930,"href":"https:\/\/mielriadsalam.com\/fr\/wp-json\/wp\/v2\/product\/5928\/revisions\/5930"}],"wp:featuredmedia":[{"embeddable":true,"href":"https:\/\/mielriadsalam.com\/fr\/wp-json\/wp\/v2\/media\/5929"}],"wp:attachment":[{"href":"https:\/\/mielriadsalam.com\/fr\/wp-json\/wp\/v2\/media?parent=5928"}],"wp:term":[{"taxonomy":"product_brand","embeddable":true,"href":"https:\/\/mielriadsalam.com\/fr\/wp-json\/wp\/v2\/product_brand?post=5928"},{"taxonomy":"product_cat","embeddable":true,"href":"https:\/\/mielriadsalam.com\/fr\/wp-json\/wp\/v2\/product_cat?post=5928"},{"taxonomy":"product_tag","embeddable":true,"href":"https:\/\/mielriadsalam.com\/fr\/wp-json\/wp\/v2\/product_tag?post=5928"}],"curies":[{"name":"wp","href":"https:\/\/api.w.org\/{rel}","templated":true}]}}