{"id":5931,"date":"2025-10-23T11:08:26","date_gmt":"2025-10-23T11:08:26","guid":{"rendered":"https:\/\/mielriadsalam.com\/?post_type=product&#038;p=5931"},"modified":"2025-10-23T11:13:09","modified_gmt":"2025-10-23T11:13:09","slug":"creamy-honey-with-cranberry","status":"publish","type":"product","link":"https:\/\/mielriadsalam.com\/fr\/shop\/creamy-honey-with-cranberry\/","title":{"rendered":"Miel cr\u00e9meux aux canneberges"},"content":{"rendered":"<p>Le miel cr\u00e9meux \u00e0 la canneberge - c'est une bombe vitamin\u00e9e parfaite, qui ne peut laisser personne indiff\u00e9rent.  Nous prenons soin de nos consommateurs, c'est pourquoi nous n'utilisons que du miel polifloral naturel et de la canneberge s\u00e9ch\u00e9e, sans ar\u00f4mes ni colorants.<\/p>","protected":false},"excerpt":{"rendered":"<p>Le miel cr\u00e9meux \u00e0 la canneberge - c'est une bombe vitamin\u00e9e parfaite, qui ne peut laisser personne indiff\u00e9rent.  Nous prenons soin de nos consommateurs, c'est pourquoi nous n'utilisons que du miel polifloral naturel et de la canneberge s\u00e9ch\u00e9e, sans ar\u00f4mes ni colorants.<\/p>","protected":false},"featured_media":5932,"comment_status":"open","ping_status":"closed","template":"","meta":{"_acf_changed":false},"product_brand":[],"product_cat":[57],"product_tag":[],"class_list":{"0":"post-5931","1":"product","2":"type-product","3":"status-publish","4":"has-post-thumbnail","6":"product_cat-honey-blends","8":"first","9":"instock","10":"sale","11":"shipping-taxable","12":"purchasable","13":"product-type-simple"},"acf":[],"_links":{"self":[{"href":"https:\/\/mielriadsalam.com\/fr\/wp-json\/wp\/v2\/product\/5931","targetHints":{"allow":["GET"]}}],"collection":[{"href":"https:\/\/mielriadsalam.com\/fr\/wp-json\/wp\/v2\/product"}],"about":[{"href":"https:\/\/mielriadsalam.com\/fr\/wp-json\/wp\/v2\/types\/product"}],"replies":[{"embeddable":true,"href":"https:\/\/mielriadsalam.com\/fr\/wp-json\/wp\/v2\/comments?post=5931"}],"version-history":[{"count":1,"href":"https:\/\/mielriadsalam.com\/fr\/wp-json\/wp\/v2\/product\/5931\/revisions"}],"predecessor-version":[{"id":5933,"href":"https:\/\/mielriadsalam.com\/fr\/wp-json\/wp\/v2\/product\/5931\/revisions\/5933"}],"wp:featuredmedia":[{"embeddable":true,"href":"https:\/\/mielriadsalam.com\/fr\/wp-json\/wp\/v2\/media\/5932"}],"wp:attachment":[{"href":"https:\/\/mielriadsalam.com\/fr\/wp-json\/wp\/v2\/media?parent=5931"}],"wp:term":[{"taxonomy":"product_brand","embeddable":true,"href":"https:\/\/mielriadsalam.com\/fr\/wp-json\/wp\/v2\/product_brand?post=5931"},{"taxonomy":"product_cat","embeddable":true,"href":"https:\/\/mielriadsalam.com\/fr\/wp-json\/wp\/v2\/product_cat?post=5931"},{"taxonomy":"product_tag","embeddable":true,"href":"https:\/\/mielriadsalam.com\/fr\/wp-json\/wp\/v2\/product_tag?post=5931"}],"curies":[{"name":"wp","href":"https:\/\/api.w.org\/{rel}","templated":true}]}}