{"id":5937,"date":"2025-10-23T11:13:31","date_gmt":"2025-10-23T11:13:31","guid":{"rendered":"https:\/\/mielriadsalam.com\/?post_type=product&#038;p=5937"},"modified":"2025-10-23T11:17:41","modified_gmt":"2025-10-23T11:17:41","slug":"honey-with-almonds","status":"publish","type":"product","link":"https:\/\/mielriadsalam.com\/fr\/shop\/honey-with-almonds\/","title":{"rendered":"Miel aux amandes"},"content":{"rendered":"<p>Le miel aux amandes est \u00e0 base de miel polifloral \u00e9cologiquement pur. Il poss\u00e8de un joli bouquet fleuri, une tendre consistance de mousse, facile \u00e0 \u00e9taler sur tes p\u00e2tisseries pr\u00e9f\u00e9r\u00e9es et tes toasts croustillants.<\/p>","protected":false},"excerpt":{"rendered":"<p>Le miel aux amandes est \u00e0 base de miel polifloral \u00e9cologiquement pur. Il poss\u00e8de un joli bouquet fleuri, une tendre consistance de mousse, facile \u00e0 \u00e9taler sur tes p\u00e2tisseries pr\u00e9f\u00e9r\u00e9es et tes toasts croustillants.<\/p>","protected":false},"featured_media":5938,"comment_status":"open","ping_status":"closed","template":"","meta":{"_acf_changed":false},"product_brand":[],"product_cat":[57],"product_tag":[],"class_list":{"0":"post-5937","1":"product","2":"type-product","3":"status-publish","4":"has-post-thumbnail","6":"product_cat-honey-blends","8":"first","9":"instock","10":"sale","11":"shipping-taxable","12":"purchasable","13":"product-type-simple"},"acf":[],"_links":{"self":[{"href":"https:\/\/mielriadsalam.com\/fr\/wp-json\/wp\/v2\/product\/5937","targetHints":{"allow":["GET"]}}],"collection":[{"href":"https:\/\/mielriadsalam.com\/fr\/wp-json\/wp\/v2\/product"}],"about":[{"href":"https:\/\/mielriadsalam.com\/fr\/wp-json\/wp\/v2\/types\/product"}],"replies":[{"embeddable":true,"href":"https:\/\/mielriadsalam.com\/fr\/wp-json\/wp\/v2\/comments?post=5937"}],"version-history":[{"count":1,"href":"https:\/\/mielriadsalam.com\/fr\/wp-json\/wp\/v2\/product\/5937\/revisions"}],"predecessor-version":[{"id":5939,"href":"https:\/\/mielriadsalam.com\/fr\/wp-json\/wp\/v2\/product\/5937\/revisions\/5939"}],"wp:featuredmedia":[{"embeddable":true,"href":"https:\/\/mielriadsalam.com\/fr\/wp-json\/wp\/v2\/media\/5938"}],"wp:attachment":[{"href":"https:\/\/mielriadsalam.com\/fr\/wp-json\/wp\/v2\/media?parent=5937"}],"wp:term":[{"taxonomy":"product_brand","embeddable":true,"href":"https:\/\/mielriadsalam.com\/fr\/wp-json\/wp\/v2\/product_brand?post=5937"},{"taxonomy":"product_cat","embeddable":true,"href":"https:\/\/mielriadsalam.com\/fr\/wp-json\/wp\/v2\/product_cat?post=5937"},{"taxonomy":"product_tag","embeddable":true,"href":"https:\/\/mielriadsalam.com\/fr\/wp-json\/wp\/v2\/product_tag?post=5937"}],"curies":[{"name":"wp","href":"https:\/\/api.w.org\/{rel}","templated":true}]}}