{"id":5940,"date":"2025-10-23T11:17:48","date_gmt":"2025-10-23T11:17:48","guid":{"rendered":"https:\/\/mielriadsalam.com\/?post_type=product&#038;p=5940"},"modified":"2025-10-23T11:36:17","modified_gmt":"2025-10-23T11:36:17","slug":"extra-virgin-olive-oil","status":"publish","type":"product","link":"https:\/\/mielriadsalam.com\/fr\/shop\/extra-virgin-olive-oil\/","title":{"rendered":"Huile d\u2019olive extra vierge"},"content":{"rendered":"<p class=\"tp4\"><span class=\"FontPrpts\"><span dir=\"auto\">Huile d'olive extra vierge obtenue \u00e0 partir de la premi\u00e8re pression \u00e0 froid par des moyens m\u00e9caniques uniquement. Go\u00fbt de fruits m\u00fbrs, d'huile l\u00e9g\u00e8re, avec une pointe d'amertume moyenne.<\/span><\/span><\/p>","protected":false},"excerpt":{"rendered":"<p><span class=\"FontPrpts\"><span dir=\"auto\">Huile d'olive extra vierge obtenue \u00e0 partir de la premi\u00e8re pression \u00e0 froid par des moyens m\u00e9caniques uniquement. Go\u00fbt de fruits m\u00fbrs, d'huile l\u00e9g\u00e8re, avec une pointe d'amertume moyenne.<\/span><\/span><\/p>","protected":false},"featured_media":5941,"comment_status":"open","ping_status":"closed","template":"","meta":{"_acf_changed":false},"product_brand":[],"product_cat":[56],"product_tag":[],"class_list":{"0":"post-5940","1":"product","2":"type-product","3":"status-publish","4":"has-post-thumbnail","6":"product_cat-pure-olive-oil","7":"product_shipping_class-morocco-shipping","9":"first","10":"instock","11":"sale","12":"shipping-taxable","13":"purchasable","14":"product-type-variable","15":"has-default-attributes"},"acf":[],"_links":{"self":[{"href":"https:\/\/mielriadsalam.com\/fr\/wp-json\/wp\/v2\/product\/5940","targetHints":{"allow":["GET"]}}],"collection":[{"href":"https:\/\/mielriadsalam.com\/fr\/wp-json\/wp\/v2\/product"}],"about":[{"href":"https:\/\/mielriadsalam.com\/fr\/wp-json\/wp\/v2\/types\/product"}],"replies":[{"embeddable":true,"href":"https:\/\/mielriadsalam.com\/fr\/wp-json\/wp\/v2\/comments?post=5940"}],"version-history":[{"count":1,"href":"https:\/\/mielriadsalam.com\/fr\/wp-json\/wp\/v2\/product\/5940\/revisions"}],"predecessor-version":[{"id":5942,"href":"https:\/\/mielriadsalam.com\/fr\/wp-json\/wp\/v2\/product\/5940\/revisions\/5942"}],"wp:featuredmedia":[{"embeddable":true,"href":"https:\/\/mielriadsalam.com\/fr\/wp-json\/wp\/v2\/media\/5941"}],"wp:attachment":[{"href":"https:\/\/mielriadsalam.com\/fr\/wp-json\/wp\/v2\/media?parent=5940"}],"wp:term":[{"taxonomy":"product_brand","embeddable":true,"href":"https:\/\/mielriadsalam.com\/fr\/wp-json\/wp\/v2\/product_brand?post=5940"},{"taxonomy":"product_cat","embeddable":true,"href":"https:\/\/mielriadsalam.com\/fr\/wp-json\/wp\/v2\/product_cat?post=5940"},{"taxonomy":"product_tag","embeddable":true,"href":"https:\/\/mielriadsalam.com\/fr\/wp-json\/wp\/v2\/product_tag?post=5940"}],"curies":[{"name":"wp","href":"https:\/\/api.w.org\/{rel}","templated":true}]}}